{"id":21667,"date":"2026-02-16T13:21:49","date_gmt":"2026-02-16T12:21:49","guid":{"rendered":"https:\/\/fit4thegame.com\/?page_id=21667"},"modified":"2026-02-16T15:37:28","modified_gmt":"2026-02-16T14:37:28","slug":"training-bei-fit4thegame","status":"publish","type":"page","link":"https:\/\/fit4thegame.com\/en\/training-bei-fit4thegame\/","title":{"rendered":"Training at Fit4TheGame"},"content":{"rendered":"<p>[et_pb_section fb_built=&#8220;1&#8243; _builder_version=&#8220;4.27.5&#8243; _module_preset=&#8220;default&#8220; da_disable_devices=&#8220;off|off|off&#8220; global_colors_info=&#8220;{}&#8220; da_is_popup=&#8220;off&#8220; da_exit_intent=&#8220;off&#8220; da_has_close=&#8220;on&#8220; da_alt_close=&#8220;off&#8220; da_dark_close=&#8220;off&#8220; da_not_modal=&#8220;on&#8220; da_is_singular=&#8220;off&#8220; da_with_loader=&#8220;off&#8220; da_has_shadow=&#8220;on&#8220;][et_pb_row _builder_version=&#8220;4.27.5&#8243; _module_preset=&#8220;default&#8220; global_colors_info=&#8220;{}&#8220;][et_pb_column type=&#8220;4_4&#8243; _builder_version=&#8220;4.27.5&#8243; _module_preset=&#8220;default&#8220; global_colors_info=&#8220;{}&#8220;][et_pb_text _builder_version=&#8220;4.27.5&#8243; _module_preset=&#8220;default&#8220; header_font=&#8220;Open Sans|800|||||||&#8220; header_font_size=&#8220;50px&#8220; custom_margin=&#8220;-32px|||||&#8220; global_colors_info=&#8220;{}&#8220;]<\/p>\n<h1 style=\"text-align: center;\"><strong>Training bei Fit4TheGame<\/strong><\/h1>\n<p>[\/et_pb_text][et_pb_text _builder_version=&#8220;4.27.5&#8243; _module_preset=&#8220;default&#8220; header_2_font=&#8220;Open Sans||||||||&#8220; header_2_font_size=&#8220;22px&#8220; global_colors_info=&#8220;{}&#8220;]<\/p>\n<h2 style=\"text-align: center;\"><span style=\"font-weight: 400;\">Zwei Formate. Ein System.<\/span><\/h2>\n<h2 style=\"text-align: center;\"><\/h2>\n<h2 style=\"text-align: center;\"><span style=\"font-weight: 400;\">Training mit klarer Anleitung \u2013 passend zu deinem Alltag und deiner aktuellen Belastbarkeit.<\/span><\/h2>\n<h2 style=\"text-align: center;\"><span style=\"font-weight: 400;\">(Und immer mit dem Ziel, dass Training nicht nur startet, sondern bleibt.)<\/span><\/h2>\n<p>[\/et_pb_text][\/et_pb_column][\/et_pb_row][\/et_pb_section][et_pb_section fb_built=&#8220;1&#8243; admin_label=&#8220;\u201cIST PERSONAL TRAINING DAS RICHTIGE F\u00dcR MICH?\u201d&#8220; _builder_version=&#8220;4.21.0&#8243; _module_preset=&#8220;default&#8220; custom_margin=&#8220;50px|||||&#8220; custom_padding=&#8220;1px|||||&#8220; da_disable_devices=&#8220;off|off|off&#8220; global_colors_info=&#8220;{}&#8220; da_is_popup=&#8220;off&#8220; da_exit_intent=&#8220;off&#8220; da_has_close=&#8220;on&#8220; da_alt_close=&#8220;off&#8220; da_dark_close=&#8220;off&#8220; da_not_modal=&#8220;on&#8220; da_is_singular=&#8220;off&#8220; da_with_loader=&#8220;off&#8220; da_has_shadow=&#8220;on&#8220;][et_pb_row _builder_version=&#8220;4.21.0&#8243; _module_preset=&#8220;default&#8220; global_colors_info=&#8220;{}&#8220;][et_pb_column type=&#8220;4_4&#8243; _builder_version=&#8220;4.21.0&#8243; _module_preset=&#8220;default&#8220; global_colors_info=&#8220;{}&#8220;][et_pb_text content_tablet=&#8220;<\/p>\n<h2 style=%22text-align: center;%22><strong data-start=%22204%22 data-end=%22241%22>Was Semi-Private bei Fit4TheGame bedeutet.<\/strong><\/h2>\n<p>&#8220; content_phone=&#8220;<\/p>\n<h2 style=%22text-align: left;%22><strong data-start=%22204%22 data-end=%22241%22>Was Semi-Private bei Fit4TheGame bedeutet.<\/strong><\/h2>\n<p>&#8220; content_last_edited=&#8220;on|desktop&#8220; _builder_version=&#8220;4.27.5&#8243; _module_preset=&#8220;default&#8220; header_2_text_align=&#8220;center&#8220; global_colors_info=&#8220;{}&#8220;]<\/p>\n<h2><strong>Warum wir zwie Formate haben.<\/strong><\/h2>\n<p>[\/et_pb_text][\/et_pb_column][\/et_pb_row][et_pb_row column_structure=&#8220;1_2,1_2&#8243; _builder_version=&#8220;4.21.0&#8243; _module_preset=&#8220;default&#8220; global_colors_info=&#8220;{}&#8220;][et_pb_column type=&#8220;1_2&#8243; _builder_version=&#8220;4.21.0&#8243; _module_preset=&#8220;default&#8220; global_colors_info=&#8220;{}&#8220;][et_pb_text _builder_version=&#8220;4.27.5&#8243; _module_preset=&#8220;default&#8220; text_font=&#8220;Poppins||||||||&#8220; custom_padding=&#8220;||0px|||&#8220; global_colors_info=&#8220;{}&#8220;]<\/p>\n<p><span style=\"font-weight: 400;\">Viele Menschen glauben, sie m\u00fcssten nur \u201edie richtige Motivation\u201c finden.<\/span><\/p>\n<p><span style=\"font-weight: 400;\">In der Praxis liegt das Problem fast nie dort.<\/span><\/p>\n<p><span style=\"font-weight: 400;\">Was meistens fehlt, ist ein Rahmen, der zum echten Leben passt:<\/span><\/p>\n<p><span style=\"font-weight: 400;\">Zeit ist knapp.<\/span><\/p>\n<p><span style=\"font-weight: 400;\">Energie ist begrenzt.<\/span><\/p>\n<p><span style=\"font-weight: 400;\">Und Entscheidungen kosten Kraft.<\/span><\/p>\n<p><span style=\"font-weight: 400;\">Genau deshalb gibt es bei Fit4TheGame nicht \u201eein Kursangebot f\u00fcr alle\u201c \u2013 <\/span><span style=\"font-weight: 400;\">sondern zwei Formate, die sich in mehr als 10 Jahren bew\u00e4hren.<\/span><\/p>\n<p><span style=\"font-weight: 400;\">Beide sind strukturiert.<\/span><\/p>\n<p><span style=\"font-weight: 400;\">Beide sind angeleitet.<\/span><\/p>\n<p><span style=\"font-weight: 400;\">Beide sind darauf ausgelegt, dass du Routine aufbauen kannst \u2013 ohne Chaos, ohne R\u00e4tselraten.<\/span><\/p>\n<p>[\/et_pb_text][\/et_pb_column][et_pb_column type=&#8220;1_2&#8243; _builder_version=&#8220;4.21.0&#8243; _module_preset=&#8220;default&#8220; global_colors_info=&#8220;{}&#8220;][et_pb_image src=&#8220;https:\/\/fit4thegame.com\/wp-content\/uploads\/2024\/02\/SGT1-scaled.jpg&#8220; title_text=&#8220;SGT1&#8243; url=&#8220;#contact-via-calendly&#8220; force_fullwidth=&#8220;on&#8220; _builder_version=&#8220;4.27.5&#8243; _module_preset=&#8220;default&#8220; height=&#8220;1%&#8220; filter_saturate=&#8220;0%&#8220; border_radii=&#8220;off||||250px&#8220; global_colors_info=&#8220;{}&#8220; filter_saturate__hover_enabled=&#8220;on|hover&#8220; filter_saturate__hover=&#8220;100%&#8220;][\/et_pb_image][\/et_pb_column][\/et_pb_row][et_pb_row _builder_version=&#8220;4.21.0&#8243; _module_preset=&#8220;default&#8220; global_colors_info=&#8220;{}&#8220;][et_pb_column type=&#8220;4_4&#8243; _builder_version=&#8220;4.21.0&#8243; _module_preset=&#8220;default&#8220; global_colors_info=&#8220;{}&#8220;][et_pb_text content_tablet=&#8220;<\/p>\n<h2 style=%22text-align: center;%22><strong data-start=%22204%22 data-end=%22241%22>F\u00fcr wen Semi-Private gut passt.<\/strong><\/h2>\n<p>&#8220; content_phone=&#8220;<\/p>\n<h2 style=%22text-align: left;%22><strong data-start=%22204%22 data-end=%22241%22>F\u00fcr wen Semi-Private gut passt.<\/strong><\/h2>\n<p>&#8220; content_last_edited=&#8220;on|phone&#8220; _builder_version=&#8220;4.27.5&#8243; _module_preset=&#8220;default&#8220; header_2_text_align=&#8220;center&#8220; global_colors_info=&#8220;{}&#8220;]<\/p>\n<h2 style=\"text-align: center;\"><strong data-start=\"204\" data-end=\"241\">Was bei uns immer gleich ist.<\/strong><\/h2>\n<p>[\/et_pb_text][\/et_pb_column][\/et_pb_row][et_pb_row column_structure=&#8220;1_2,1_2&#8243; _builder_version=&#8220;4.21.0&#8243; _module_preset=&#8220;default&#8220; global_colors_info=&#8220;{}&#8220;][et_pb_column type=&#8220;1_2&#8243; _builder_version=&#8220;4.21.0&#8243; _module_preset=&#8220;default&#8220; global_colors_info=&#8220;{}&#8220;][et_pb_text _builder_version=&#8220;4.27.5&#8243; _module_preset=&#8220;default&#8220; text_font=&#8220;Poppins||||||||&#8220; custom_padding=&#8220;||0px|||&#8220; global_colors_info=&#8220;{}&#8220;]<\/p>\n<p><span style=\"font-weight: 400;\">Egal ob Small Group oder Semi-Private:<\/span><\/p>\n<p><span style=\"font-weight: 400;\">Bei Fit4TheGame folgt Training einem klaren System.<\/span><\/p>\n<p><span style=\"font-weight: 400;\">\u2013 Klare Anleitung (Du musst nicht schon wissen, wie das geht)<\/span><\/p>\n<p><span style=\"font-weight: 400;\">\u2013 Struktur statt Zufall (du wei\u00dft, was du tust \u2013 und warum)<\/span><\/p>\n<p><span style=\"font-weight: 400;\">\u2013 <\/span><span style=\"font-weight: 400;\">Intensit\u00e4t nach Tagesform<\/span><span style=\"font-weight: 400;\"> (Energie, Stress, Beschwerden, Alltag)<\/span><\/p>\n<p><span style=\"font-weight: 400;\">\u2013 Fokus auf saubere Ausf\u00fchrungen (damit Fortschritt sicher m\u00f6glich wird)<\/span><\/p>\n<p><span style=\"font-weight: 400;\">\u2013 Routine statt Aktionismus (damit Training realistisch bleibt)<\/span><\/p>\n<p><span style=\"font-weight: 400;\">\u2013 Wir begrenzen jede Small Group auf maximal 13 Menschen<\/span><\/p>\n<p><span style=\"font-weight: 400;\">Das ist der Unterschied zwischen \u201emal wieder anfangen\u201c<\/span><\/p>\n<p><span style=\"font-weight: 400;\">und Training als festen Bestandteil im Alltag etablieren.<\/span><\/p>\n<p>&nbsp;<\/p>\n<p>[\/et_pb_text][\/et_pb_column][et_pb_column type=&#8220;1_2&#8243; _builder_version=&#8220;4.21.0&#8243; _module_preset=&#8220;default&#8220; global_colors_info=&#8220;{}&#8220;][et_pb_image src=&#8220;https:\/\/fit4thegame.com\/wp-content\/uploads\/2026\/02\/KP1-scaled-1.jpeg&#8220; title_text=&#8220;KP1-scaled-1&#8243; url=&#8220;#contact-via-calendly&#8220; force_fullwidth=&#8220;on&#8220; _builder_version=&#8220;4.27.5&#8243; _module_preset=&#8220;default&#8220; height=&#8220;1%&#8220; filter_saturate=&#8220;0%&#8220; border_radii=&#8220;off||||250px&#8220; global_colors_info=&#8220;{}&#8220; filter_saturate__hover_enabled=&#8220;on|hover&#8220; filter_saturate__hover=&#8220;100%&#8220;][\/et_pb_image][\/et_pb_column][\/et_pb_row][et_pb_row _builder_version=&#8220;4.21.0&#8243; _module_preset=&#8220;default&#8220; global_colors_info=&#8220;{}&#8220;][et_pb_column type=&#8220;4_4&#8243; _builder_version=&#8220;4.21.0&#8243; _module_preset=&#8220;default&#8220; global_colors_info=&#8220;{}&#8220;][et_pb_text content_tablet=&#8220;<\/p>\n<h2 style=%22text-align: center;%22><strong data-start=%22204%22 data-end=%22241%22>Wie das Training abl\u00e4uft.<\/strong><\/h2>\n<p>&#8220; content_phone=&#8220;<\/p>\n<h2 style=%22text-align: left;%22><strong data-start=%22204%22 data-end=%22241%22>Wie das Training abl\u00e4uft.<\/strong><\/h2>\n<p>&#8220; content_last_edited=&#8220;on|phone&#8220; _builder_version=&#8220;4.27.5&#8243; _module_preset=&#8220;default&#8220; header_2_text_align=&#8220;center&#8220; global_colors_info=&#8220;{}&#8220;]<\/p>\n<h2 style=\"text-align: center;\"><strong data-start=\"204\" data-end=\"241\">Welches Format passt zu dir?<\/strong><\/h2>\n<p>[\/et_pb_text][et_pb_text _builder_version=&#8220;4.27.5&#8243; _module_preset=&#8220;default&#8220; global_colors_info=&#8220;{}&#8220;]<\/p>\n<p style=\"text-align: center;\"><span style=\"font-weight: 400;\">Die wichtigste Frage ist nicht: <\/span><span style=\"font-weight: 400;\">\u201eWas ist besser?\u201c<\/span><\/p>\n<p style=\"text-align: center;\"><span style=\"font-weight: 400;\">Sondern: <\/span><span style=\"font-weight: 400;\">\u201eWas passt zu mir \u2013 und zu meinem Leben?\u201c<\/span><\/p>\n<p style=\"text-align: center;\"><span style=\"font-weight: 400;\">Hier ist eine einfache Orientierung.<\/span><\/p>\n<p>[\/et_pb_text][\/et_pb_column][\/et_pb_row][et_pb_row column_structure=&#8220;1_2,1_2&#8243; _builder_version=&#8220;4.27.5&#8243; _module_preset=&#8220;default&#8220; global_colors_info=&#8220;{}&#8220;][et_pb_column type=&#8220;1_2&#8243; _builder_version=&#8220;4.27.5&#8243; _module_preset=&#8220;default&#8220; global_colors_info=&#8220;{}&#8220;][et_pb_text _builder_version=&#8220;4.27.5&#8243; _module_preset=&#8220;default&#8220; global_colors_info=&#8220;{}&#8220;]<\/p>\n<p><strong>SMALL GROUP TRAINING<\/strong><\/p>\n<p><span style=\"font-weight: 400;\">Strukturiertes Training in kleinen Gruppen \u2013<\/span><\/p>\n<p><span style=\"font-weight: 400;\">mit klarer Anleitung, pers\u00f6nlicher Betreuung und einer unterst\u00fctzenden, positiven Atmosph\u00e4re.<\/span><\/p>\n<p><span style=\"font-weight: 400;\">Das passt gut, wenn du\u2026<\/span><\/p>\n<p><span style=\"font-weight: 400;\">\u2013 gerne in einer Gruppe trainierst, aber dich nicht beobachtet f\u00fchlen willst<\/span><\/p>\n<p><span style=\"font-weight: 400;\">\u2013 Struktur und einen klaren Rahmen brauchst, um dranzubleiben<\/span><\/p>\n<p><span style=\"font-weight: 400;\">\u2013 Coaching m\u00f6chtest, ohne dass sich alles nur um dich kreist.<\/span><\/p>\n<p><span style=\"font-weight: 400;\">\u2013 dich in normalen Studios schnell fehl am Platz f\u00fchlst<\/span><\/p>\n<p><span style=\"font-weight: 400;\"><\/span><\/p>\n<p><em><span style=\"font-weight: 400;\">Wie es sich anf\u00fchlt:<\/span><\/em><\/p>\n<p><span style=\"font-weight: 400;\">Erwachsen. Respektvoll. Motivierend \u2013 ohne Druck und ohne Show.<\/span><\/p>\n<p>&nbsp;<\/p>\n<p><span style=\"font-weight: 400;\">SMALL GROUP ANSEHEN \u2192<\/span><\/p>\n<p>[\/et_pb_text][\/et_pb_column][et_pb_column type=&#8220;1_2&#8243; _builder_version=&#8220;4.27.5&#8243; _module_preset=&#8220;default&#8220; global_colors_info=&#8220;{}&#8220;][et_pb_text _builder_version=&#8220;4.27.5&#8243; _module_preset=&#8220;default&#8220; global_colors_info=&#8220;{}&#8220;]<\/p>\n<p><strong>SEMI-PRIVATE TRAINING<\/strong><\/p>\n<p><span style=\"font-weight: 400;\">Training in sehr kleinem Rahmen \u2013<\/span><\/p>\n<p><span style=\"font-weight: 400;\">mit klarer Anleitung, mehr Fokus und einem ruhigen, professionellen Setting.<\/span><\/p>\n<p><span style=\"font-weight: 400;\">Das passt gut, wenn du\u2026<\/span><\/p>\n<p><span style=\"font-weight: 400;\">\u2013 es ruhiger und kontrollierter magst als in einer Gruppe<\/span><\/p>\n<p><span style=\"font-weight: 400;\">\u2013 mehr individuelle Anpassungen brauchst (z. B. wegen Beschwerden oder Stress)<\/span><\/p>\n<p><span style=\"font-weight: 400;\">\u2013 wenig Zeit hast und Training effizient, klar und strukturiert sein soll<\/span><\/p>\n<p><span style=\"font-weight: 400;\">\u2013 dir schnell Klarheit w\u00fcnschst, was f\u00fcr dich sinnvoll ist \u2013 und was nicht<\/span><\/p>\n<p><em><span style=\"font-weight: 400;\">Wie es sich anf\u00fchlt:<\/span><\/em><\/p>\n<p><span style=\"font-weight: 400;\">Fokussiert. Klar. Professionell \u2013 ohne Hektik und ohne \u00dcberforderung.<\/span><\/p>\n<p>&nbsp;<\/p>\n<p><span style=\"font-weight: 400;\">SEMI-PRIVATE ANSEHEN \u2192<\/span><\/p>\n<p>[\/et_pb_text][\/et_pb_column][\/et_pb_row][et_pb_row _builder_version=&#8220;4.27.5&#8243; _module_preset=&#8220;default&#8220; global_colors_info=&#8220;{}&#8220;][et_pb_column type=&#8220;4_4&#8243; _builder_version=&#8220;4.27.5&#8243; _module_preset=&#8220;default&#8220; global_colors_info=&#8220;{}&#8220;][et_pb_text content_tablet=&#8220;<\/p>\n<h2 style=%22text-align: center;%22><strong data-start=%22204%22 data-end=%22241%22>Fokus auf das, was wirklich z\u00e4hlt.<\/strong><\/h2>\n<p>&#8220; content_phone=&#8220;<\/p>\n<h2 style=%22text-align: left;%22><strong data-start=%22204%22 data-end=%22241%22>Fokus auf das, was wirklich z\u00e4hlt.<\/strong><\/h2>\n<p>&#8220; content_last_edited=&#8220;on|phone&#8220; _builder_version=&#8220;4.27.5&#8243; _module_preset=&#8220;default&#8220; header_2_text_align=&#8220;center&#8220; global_colors_info=&#8220;{}&#8220;]<\/p>\n<h2 style=\"text-align: center;\"><strong data-start=\"204\" data-end=\"241\">Wenn du dir noch nicht sicher bist.<\/strong><\/h2>\n<p>[\/et_pb_text][\/et_pb_column][\/et_pb_row][et_pb_row column_structure=&#8220;1_2,1_2&#8243; admin_label=&#8220;Nicht block&#8220; _builder_version=&#8220;4.27.5&#8243; _module_preset=&#8220;default&#8220; global_colors_info=&#8220;{}&#8220;][et_pb_column type=&#8220;1_2&#8243; _builder_version=&#8220;4.21.0&#8243; _module_preset=&#8220;default&#8220; global_colors_info=&#8220;{}&#8220;][et_pb_text _builder_version=&#8220;4.27.5&#8243; _module_preset=&#8220;default&#8220; text_font=&#8220;Poppins||||||||&#8220; custom_padding=&#8220;||0px|||&#8220; global_colors_info=&#8220;{}&#8220;]<\/p>\n<p><span style=\"font-weight: 400;\">Das ist normal.<\/span><\/p>\n<p><span style=\"font-weight: 400;\">Die meisten Menschen wissen vorab nicht genau,<\/span><\/p>\n<p><span style=\"font-weight: 400;\">welches Format am besten passt.<\/span><\/p>\n<p><span style=\"font-weight: 400;\">Genau daf\u00fcr gibt es den StartCHECK.<\/span><\/p>\n<p><span style=\"font-weight: 400;\">Wir schauen gemeinsam, wo du gerade stehst,<\/span><\/p>\n<p><span style=\"font-weight: 400;\">wie dein K\u00f6rper sich aktuell bewegt<\/span><\/p>\n<p><span style=\"font-weight: 400;\">und welche n\u00e4chsten Schritte sinnvoll sind.<\/span><\/p>\n<p>[\/et_pb_text][\/et_pb_column][et_pb_column type=&#8220;1_2&#8243; _builder_version=&#8220;4.21.0&#8243; _module_preset=&#8220;default&#8220; global_colors_info=&#8220;{}&#8220;][et_pb_image src=&#8220;https:\/\/fit4thegame.com\/wp-content\/uploads\/2026\/02\/Unsure-scaled.jpeg&#8220; alt=&#8220;Personal trainer hamburg&#8220; title_text=&#8220;Unsure&#8220; url=&#8220;#contact-via-calendly&#8220; force_fullwidth=&#8220;on&#8220; _builder_version=&#8220;4.27.5&#8243; _module_preset=&#8220;default&#8220; height=&#8220;1%&#8220; filter_saturate=&#8220;0%&#8220; border_radii=&#8220;off||||250px&#8220; global_colors_info=&#8220;{}&#8220; filter_saturate__hover_enabled=&#8220;on|hover&#8220; filter_saturate__hover=&#8220;100%&#8220;][\/et_pb_image][\/et_pb_column][\/et_pb_row][et_pb_row admin_label=&#8220;Nicht&#8220; _builder_version=&#8220;4.27.5&#8243; _module_preset=&#8220;default&#8220; custom_padding=&#8220;38px|||||&#8220; global_colors_info=&#8220;{}&#8220;][et_pb_column type=&#8220;4_4&#8243; _builder_version=&#8220;4.21.0&#8243; _module_preset=&#8220;default&#8220; global_colors_info=&#8220;{}&#8220;][et_pb_text content_tablet=&#8220;<\/p>\n<h2 style=%22text-align: center;%22><strong data-start=%22204%22 data-end=%22241%22>Fokus auf das, was wirklich z\u00e4hlt.<\/strong><\/h2>\n<p>&#8220; content_phone=&#8220;<\/p>\n<h2 style=%22text-align: left;%22><strong data-start=%22204%22 data-end=%22241%22>Fokus auf das, was wirklich z\u00e4hlt.<\/strong><\/h2>\n<p>&#8220; content_last_edited=&#8220;on|phone&#8220; _builder_version=&#8220;4.27.5&#8243; _module_preset=&#8220;default&#8220; header_2_text_align=&#8220;center&#8220; global_colors_info=&#8220;{}&#8220;]<\/p>\n<h2 style=\"text-align: center;\"><strong data-start=\"204\" data-end=\"241\">Warum das funktioniert.<\/strong><\/h2>\n<p>[\/et_pb_text][et_pb_text _builder_version=&#8220;4.27.5&#8243; _module_preset=&#8220;default&#8220; global_colors_info=&#8220;{}&#8220;]<\/p>\n<p style=\"text-align: center;\"><span style=\"font-weight: 400;\">Fit4TheGame gibt es seit November 2012.<\/span><\/p>\n<p style=\"text-align: center;\"><span style=\"font-weight: 400;\">\u2013 Nahezu 100 \u00f6ffentliche 5-Sterne-Bewertungen<\/span><\/p>\n<p style=\"text-align: center;\"><span style=\"font-weight: 400;\">\u2013 Viele bleiben \u00fcber Jahre \u2013 weil es f\u00fcr sie funktioniert<\/span><\/p>\n<p style=\"text-align: center;\"><span style=\"font-weight: 400;\">\u2013 Ein stabiles, erfahrenes Coaching-Team<\/span><\/p>\n<p style=\"text-align: center;\"><span style=\"font-weight: 400;\">Vertrauen entsteht nicht durch Versprechen.<\/span><\/p>\n<p style=\"text-align: center;\"><span style=\"font-weight: 400;\">Sondern durch Struktur, Verl\u00e4sslichkeit und gute Betreuung.<\/span><\/p>\n<p>[\/et_pb_text][\/et_pb_column][\/et_pb_row][\/et_pb_section][et_pb_section fb_built=&#8220;1&#8243; admin_label=&#8220;Section&#8220; _builder_version=&#8220;4.27.4&#8243; _module_preset=&#8220;default&#8220; background_color=&#8220;gcid-5aef222a-f536-4b99-899d-73a4ca9a7084&#8243; top_divider_style=&#8220;arrow2&#8243; top_divider_color=&#8220;#FFFFFF&#8220; top_divider_height=&#8220;50px&#8220; da_disable_devices=&#8220;off|off|off&#8220; global_colors_info=&#8220;{%22gcid-5aef222a-f536-4b99-899d-73a4ca9a7084%22:%91%22background_color%22%93}&#8220; da_is_popup=&#8220;off&#8220; da_exit_intent=&#8220;off&#8220; da_has_close=&#8220;on&#8220; da_alt_close=&#8220;off&#8220; da_dark_close=&#8220;off&#8220; da_not_modal=&#8220;on&#8220; da_is_singular=&#8220;off&#8220; da_with_loader=&#8220;off&#8220; da_has_shadow=&#8220;on&#8220;][et_pb_row _builder_version=&#8220;4.21.0&#8243; _module_preset=&#8220;default&#8220; global_colors_info=&#8220;{}&#8220;][et_pb_column type=&#8220;4_4&#8243; _builder_version=&#8220;4.21.0&#8243; _module_preset=&#8220;default&#8220; global_colors_info=&#8220;{}&#8220;][et_pb_text content_tablet=&#8220;<\/p>\n<h2 style=%22text-align: center;%22><strong data-start=%22204%22 data-end=%22241%22>Der Start: immer \u00fcber StartCHECK. <\/strong><\/h2>\n<p>&#8220; content_phone=&#8220;<\/p>\n<h2 style=%22text-align: left;%22><strong data-start=%22204%22 data-end=%22241%22>Der Start: immer \u00fcber StartCHECK. <\/strong><\/h2>\n<p>&#8220; content_last_edited=&#8220;on|phone&#8220; _builder_version=&#8220;4.27.5&#8243; _module_preset=&#8220;default&#8220; header_2_text_align=&#8220;center&#8220; global_colors_info=&#8220;{}&#8220;]<\/p>\n<h2 style=\"text-align: center;\"><strong data-start=\"204\" data-end=\"241\">Der n\u00e4chste sinnvolle Schritt:\u00a0 StartCHECK.\u00a0<\/strong><\/h2>\n<p>[\/et_pb_text][et_pb_text _builder_version=&#8220;4.27.5&#8243; _module_preset=&#8220;default&#8220; text_font=&#8220;Poppins||||||||&#8220; custom_padding=&#8220;||0px|||&#8220; global_colors_info=&#8220;{}&#8220;]<\/p>\n<p style=\"text-align: center;\"><span style=\"font-weight: 400;\">Wenn du herausfinden m\u00f6chtest, <\/span><span style=\"font-weight: 400;\">ob Fit4TheGame zu dir passt, <\/span><span style=\"font-weight: 400;\">beginnt alles mit einem StartCHECK.<\/span><\/p>\n<p>[\/et_pb_text][\/et_pb_column][\/et_pb_row][et_pb_row _builder_version=&#8220;4.27.4&#8243; _module_preset=&#8220;default&#8220; custom_padding=&#8220;2px|||||&#8220; global_colors_info=&#8220;{}&#8220;][et_pb_column type=&#8220;4_4&#8243; _builder_version=&#8220;4.27.4&#8243; _module_preset=&#8220;default&#8220; global_colors_info=&#8220;{}&#8220;][et_pb_button button_text=&#8220;StartCHECK BUCHEN&#8220; button_alignment=&#8220;center&#8220; module_class=&#8220; popmake-21447&#8243; _builder_version=&#8220;4.27.5&#8243; _module_preset=&#8220;default&#8220; button_text_size=&#8220;20px&#8220; button_text_size_tablet=&#8220;&#8220; button_text_size_phone=&#8220;16px&#8220; button_text_size_last_edited=&#8220;on|phone&#8220; global_colors_info=&#8220;{}&#8220;][\/et_pb_button][\/et_pb_column][\/et_pb_row][\/et_pb_section]<\/p>\n","protected":false},"excerpt":{"rendered":"<p>Training bei Fit4TheGameZwei Formate. Ein System. Training mit klarer Anleitung \u2013 passend zu deinem Alltag und deiner aktuellen Belastbarkeit. (Und immer mit dem Ziel, dass Training nicht nur startet, sondern bleibt.)Warum wir zwie Formate haben.Viele Menschen glauben, sie m\u00fcssten nur \u201edie richtige Motivation\u201c finden. In der Praxis liegt das Problem fast nie dort. Was meistens fehlt, ist ein Rahmen, der zum echten Leben passt: Zeit ist knapp. Energie ist begrenzt. Und Entscheidungen kosten Kraft. Genau deshalb gibt es bei Fit4TheGame nicht \u201eein Kursangebot f\u00fcr alle\u201c \u2013 sondern zwei Formate, die sich in mehr als 10 Jahren bew\u00e4hren. Beide sind strukturiert. Beide sind angeleitet. Beide sind darauf ausgelegt, dass du Routine aufbauen kannst \u2013 ohne Chaos, ohne R\u00e4tselraten.Was bei uns immer gleich ist.Egal ob Small Group oder Semi-Private: Bei Fit4TheGame folgt Training einem klaren System. \u2013 Klare Anleitung (Du musst nicht schon wissen, wie das geht) \u2013 Struktur statt Zufall (du wei\u00dft, was du tust \u2013 und warum) \u2013 Intensit\u00e4t nach Tagesform (Energie, Stress, Beschwerden, Alltag) \u2013 Fokus auf saubere Ausf\u00fchrungen (damit Fortschritt sicher m\u00f6glich wird) \u2013 Routine statt Aktionismus (damit Training realistisch bleibt) \u2013 Wir begrenzen jede Small Group auf maximal 13 Menschen Das ist der Unterschied zwischen \u201emal wieder [&hellip;]<\/p>\n","protected":false},"author":2,"featured_media":0,"parent":0,"menu_order":310,"comment_status":"closed","ping_status":"closed","template":"","meta":{"_et_pb_use_builder":"on","_et_pb_old_content":"<!-- wp:divi\/placeholder \/-->","_et_gb_content_width":"","two_page_speed":{"previous_score":{"desktop_score":79,"desktop_tti":"3.0\u00a0","mobile_score":55.00000000000001,"mobile_tti":"13.9\u00a0","date":"16.02.2026 03:54:02 pm","status":"completed"}},"footnotes":""},"folder":[4],"class_list":["post-21667","page","type-page","status-publish","hentry"],"_links":{"self":[{"href":"https:\/\/fit4thegame.com\/en\/wp-json\/wp\/v2\/pages\/21667","targetHints":{"allow":["GET"]}}],"collection":[{"href":"https:\/\/fit4thegame.com\/en\/wp-json\/wp\/v2\/pages"}],"about":[{"href":"https:\/\/fit4thegame.com\/en\/wp-json\/wp\/v2\/types\/page"}],"author":[{"embeddable":true,"href":"https:\/\/fit4thegame.com\/en\/wp-json\/wp\/v2\/users\/2"}],"replies":[{"embeddable":true,"href":"https:\/\/fit4thegame.com\/en\/wp-json\/wp\/v2\/comments?post=21667"}],"version-history":[{"count":10,"href":"https:\/\/fit4thegame.com\/en\/wp-json\/wp\/v2\/pages\/21667\/revisions"}],"predecessor-version":[{"id":21686,"href":"https:\/\/fit4thegame.com\/en\/wp-json\/wp\/v2\/pages\/21667\/revisions\/21686"}],"wp:attachment":[{"href":"https:\/\/fit4thegame.com\/en\/wp-json\/wp\/v2\/media?parent=21667"}],"wp:term":[{"taxonomy":"folder","embeddable":true,"href":"https:\/\/fit4thegame.com\/en\/wp-json\/wp\/v2\/folder?post=21667"}],"curies":[{"name":"wp","href":"https:\/\/api.w.org\/{rel}","templated":true}]}}