{"id":21421,"date":"2025-12-18T12:36:24","date_gmt":"2025-12-18T11:36:24","guid":{"rendered":"https:\/\/fit4thegame.com\/?page_id=21421"},"modified":"2025-12-18T12:36:25","modified_gmt":"2025-12-18T11:36:25","slug":"dankeschoen-wir-melden-uns-bei-dir","status":"publish","type":"page","link":"https:\/\/fit4thegame.com\/en\/dankeschoen-wir-melden-uns-bei-dir\/","title":{"rendered":"Dankesch\u00f6n &#8211; wir melden uns bei dir"},"content":{"rendered":"<p>[et_pb_section fb_built=&#8220;1&#8243; admin_label=&#8220;Mainstage&#8220; _builder_version=&#8220;4.27.4&#8243; _module_preset=&#8220;default&#8220; background_color=&#8220;#FFFFFF&#8220; custom_margin=&#8220;-70px||-90px||false|false&#8220; da_disable_devices=&#8220;off|off|off&#8220; global_colors_info=&#8220;{}&#8220; da_is_popup=&#8220;off&#8220; da_exit_intent=&#8220;off&#8220; da_has_close=&#8220;on&#8220; da_alt_close=&#8220;off&#8220; da_dark_close=&#8220;off&#8220; da_not_modal=&#8220;on&#8220; da_is_singular=&#8220;off&#8220; da_with_loader=&#8220;off&#8220; da_has_shadow=&#8220;on&#8220;][et_pb_row _builder_version=&#8220;4.27.4&#8243; _module_preset=&#8220;default&#8220; background_color=&#8220;#FFFFFF&#8220; global_colors_info=&#8220;{}&#8220;][et_pb_column type=&#8220;4_4&#8243; _builder_version=&#8220;4.27.4&#8243; _module_preset=&#8220;default&#8220; global_colors_info=&#8220;{}&#8220;][et_pb_text _builder_version=&#8220;4.27.4&#8243; _module_preset=&#8220;default&#8220; text_font=&#8220;Bebas Neue||||||||&#8220; background_color=&#8220;#FFFFFF&#8220; global_colors_info=&#8220;{}&#8220;]<\/p>\n<div class=\"star-rating\">\n<div class=\"stars\" style=\"text-align: center;\">\u2b50\u2b50\u2b50\u2b50\u2b50 <span style=\"color: #000000;\">4.9\/5 von 127 Bewertungen<\/span><\/div>\n<\/div>\n<h1 class=\"hero-title\"><\/h1>\n<p>[\/et_pb_text][\/et_pb_column][\/et_pb_row][\/et_pb_section][et_pb_section fb_built=&#8220;1&#8243; admin_label=&#8220;Mainstage&#8220; _builder_version=&#8220;4.27.4&#8243; _module_preset=&#8220;default&#8220; background_color=&#8220;#FFFFFF&#8220; custom_margin=&#8220;||||false|false&#8220; custom_padding=&#8220;||5px|||&#8220; da_disable_devices=&#8220;off|off|off&#8220; global_colors_info=&#8220;{}&#8220; da_is_popup=&#8220;off&#8220; da_exit_intent=&#8220;off&#8220; da_has_close=&#8220;on&#8220; da_alt_close=&#8220;off&#8220; da_dark_close=&#8220;off&#8220; da_not_modal=&#8220;on&#8220; da_is_singular=&#8220;off&#8220; da_with_loader=&#8220;off&#8220; da_has_shadow=&#8220;on&#8220;][et_pb_row column_structure=&#8220;1_2,1_2&#8243; _builder_version=&#8220;4.27.4&#8243; _module_preset=&#8220;default&#8220; width=&#8220;100%&#8220; max_width=&#8220;1349px&#8220; custom_margin=&#8220;-50px||||false|false&#8220; custom_padding=&#8220;||50px|||&#8220; global_colors_info=&#8220;{}&#8220;][et_pb_column type=&#8220;1_2&#8243; _builder_version=&#8220;4.27.4&#8243; _module_preset=&#8220;default&#8220; global_colors_info=&#8220;{}&#8220;][et_pb_text _builder_version=&#8220;4.27.5&#8243; _module_preset=&#8220;default&#8220; text_font=&#8220;Poppins|600|||||||&#8220; text_font_size=&#8220;38px&#8220; text_line_height=&#8220;1.1em&#8220; header_font=&#8220;&#8211;et_global_heading_font||||||||&#8220; header_font_size=&#8220;50px&#8220; custom_margin=&#8220;50px|71px|49px|80px|false|false&#8220; custom_margin_tablet=&#8220;|6px||6px|false|true&#8220; custom_margin_phone=&#8220;|16px|40px|16px|false|true&#8220; custom_margin_last_edited=&#8220;on|phone&#8220; custom_padding=&#8220;||||true&#8220; custom_padding_tablet=&#8220;||||true&#8220; custom_padding_phone=&#8220;0px||||false|false&#8220; custom_padding_last_edited=&#8220;on|phone&#8220; hover_enabled=&#8220;0&#8243; text_font_size_tablet=&#8220;38px&#8220; text_font_size_phone=&#8220;38px&#8220; text_font_size_last_edited=&#8220;on|phone&#8220; header_font_tablet=&#8220;&#8211;et_global_heading_font||||||||&#8220; header_font_phone=&#8220;&#8211;et_global_heading_font||||||||&#8220; header_font_last_edited=&#8220;on|phone&#8220; custom_css_free_form=&#8220;%%et_pb_module%% h1 {||    font-family: &#8218;Anton&#8216;, sans-serif !important;||    font-weight: 400 !important;||    text-transform: uppercase;||    letter-spacing: 2px;||}&#8220; global_colors_info=&#8220;{}&#8220; sticky_enabled=&#8220;0&#8243;]<\/p>\n<div class=\"text-base my-auto mx-auto pb-10 [--thread-content-margin:--spacing(4)] thread-sm:[--thread-content-margin:--spacing(6)] thread-lg:[--thread-content-margin:--spacing(16)] px-(--thread-content-margin)\">\n<div class=\"[--thread-content-max-width:40rem] thread-lg:[--thread-content-max-width:48rem] mx-auto max-w-(--thread-content-max-width) flex-1 group\/turn-messages focus-visible:outline-hidden relative flex w-full min-w-0 flex-col agent-turn\" tabindex=\"-1\">\n<div class=\"flex max-w-full flex-col grow\">\n<div data-message-author-role=\"assistant\" data-message-id=\"4e6e2fb2-0596-4921-98b5-09c5abd728b1\" dir=\"auto\" class=\"min-h-8 text-message relative flex w-full flex-col items-end gap-2 text-start break-words whitespace-normal [.text-message+&amp;]:mt-1\" data-message-model-slug=\"gpt-5\">\n<div class=\"flex w-full flex-col gap-1 empty:hidden first:pt-[1px]\">\n<div class=\"markdown prose dark:prose-invert w-full break-words light markdown-new-styling\">\n<p>Danke f\u00fcr deine Anfrage. Du hast dir gerade die ersten Infos f\u00fcr deinen Neustart bei Fit4TheGame gesichert.<\/p>\n<\/div>\n<\/div>\n<\/div>\n<\/div>\n<\/div>\n<\/div>\n<p>[\/et_pb_text][et_pb_text _builder_version=&#8220;4.27.5&#8243; _module_preset=&#8220;default&#8220; text_font=&#8220;Poppins||||||||&#8220; custom_margin=&#8220;|71px|49px|80px|false|false&#8220; custom_margin_tablet=&#8220;|6px||6px|false|true&#8220; custom_margin_phone=&#8220;|16px|50px|16px|false|true&#8220; custom_margin_last_edited=&#8220;on|phone&#8220; custom_padding=&#8220;||||true&#8220; custom_padding_tablet=&#8220;||||true&#8220; custom_padding_phone=&#8220;0px||||false|false&#8220; custom_padding_last_edited=&#8220;on|phone&#8220; hover_enabled=&#8220;0&#8243; global_colors_info=&#8220;{}&#8220; sticky_enabled=&#8220;0&#8243;]<\/p>\n<p class=\"p1\">Wir melden uns zeitnah pers\u00f6nlich bei dir und erkl\u00e4ren dir in Ruhe, wie dein Startprogramm aussehen kann.<\/p>\n<p>[\/et_pb_text][\/et_pb_column][et_pb_column type=&#8220;1_2&#8243; _builder_version=&#8220;4.27.4&#8243; _module_preset=&#8220;default&#8220; global_colors_info=&#8220;{}&#8220;][et_pb_image src=&#8220;https:\/\/fit4thegame.com\/wp-content\/uploads\/2025\/10\/Kleingruppentraining-in-Altona.jpg&#8220; alt=&#8220;Personaltrainer hambur&#8220; title_text=&#8220;Kleingruppentraining in Altona&#8220; _builder_version=&#8220;4.27.4&#8243; _module_preset=&#8220;default&#8220; width=&#8220;64%&#8220; max_width=&#8220;70%&#8220; module_alignment=&#8220;center&#8220; custom_padding=&#8220;15px||||false|false&#8220; border_radii=&#8220;on|11px|11px|11px|11px&#8220; global_colors_info=&#8220;{}&#8220;][\/et_pb_image][\/et_pb_column][\/et_pb_row][\/et_pb_section][et_pb_section fb_built=&#8220;1&#8243; admin_label=&#8220;Was andere gesagt haben, als sie\u2019s einfach ausprobiert haben:&#8220; _builder_version=&#8220;4.27.4&#8243; _module_preset=&#8220;default&#8220; background_color=&#8220;#FFFFFF&#8220; custom_margin=&#8220;||||false|false&#8220; custom_padding=&#8220;||5px|||&#8220; da_disable_devices=&#8220;off|off|off&#8220; global_colors_info=&#8220;{}&#8220; da_is_popup=&#8220;off&#8220; da_exit_intent=&#8220;off&#8220; da_has_close=&#8220;on&#8220; da_alt_close=&#8220;off&#8220; da_dark_close=&#8220;off&#8220; da_not_modal=&#8220;on&#8220; da_is_singular=&#8220;off&#8220; da_with_loader=&#8220;off&#8220; da_has_shadow=&#8220;on&#8220;][et_pb_row _builder_version=&#8220;4.27.4&#8243; _module_preset=&#8220;default&#8220; global_colors_info=&#8220;{}&#8220;][et_pb_column type=&#8220;4_4&#8243; _builder_version=&#8220;4.27.4&#8243; _module_preset=&#8220;default&#8220; global_colors_info=&#8220;{}&#8220;][et_pb_text _builder_version=&#8220;4.27.4&#8243; _module_preset=&#8220;default&#8220; text_font=&#8220;Poppins|600|||||||&#8220; text_font_size=&#8220;34px&#8220; text_line_height=&#8220;1.1em&#8220; header_font=&#8220;&#8211;et_global_heading_font||||||||&#8220; header_font_size=&#8220;50px&#8220; custom_margin=&#8220;|71px|40px|80px|false|false&#8220; custom_margin_tablet=&#8220;|6px||6px|false|true&#8220; custom_margin_phone=&#8220;|16px|40px|16px|false|true&#8220; custom_margin_last_edited=&#8220;on|phone&#8220; custom_padding=&#8220;||||true&#8220; custom_padding_tablet=&#8220;||||true&#8220; custom_padding_phone=&#8220;0px||||false|false&#8220; custom_padding_last_edited=&#8220;on|phone&#8220; text_font_size_tablet=&#8220;34px&#8220; text_font_size_phone=&#8220;34px&#8220; text_font_size_last_edited=&#8220;on|phone&#8220; header_font_tablet=&#8220;&#8211;et_global_heading_font||||||||&#8220; header_font_phone=&#8220;&#8211;et_global_heading_font||||||||&#8220; header_font_last_edited=&#8220;on|phone&#8220; custom_css_free_form=&#8220;%%et_pb_module%% h1 {||    font-family: &#8218;Anton&#8216;, sans-serif !important;||    font-weight: 400 !important;||    text-transform: uppercase;||    letter-spacing: 2px;||}&#8220; global_colors_info=&#8220;{}&#8220;]<\/p>\n<p class=\"p1\" style=\"text-align: center;\"><span class=\"s1\" style=\"color: #000000;\">Was andere gesaget haben, als sie&#8217;s einfach ausprobiert haben:<\/span><\/p>\n<p>[\/et_pb_text][\/et_pb_column][\/et_pb_row][et_pb_row column_structure=&#8220;1_3,1_3,1_3&#8243; _builder_version=&#8220;4.27.4&#8243; _module_preset=&#8220;default&#8220; width=&#8220;100%&#8220; max_width=&#8220;1322px&#8220; max_width_tablet=&#8220;1322px&#8220; max_width_phone=&#8220;1322px&#8220; max_width_last_edited=&#8220;on|phone&#8220; global_colors_info=&#8220;{}&#8220;][et_pb_column type=&#8220;1_3&#8243; _builder_version=&#8220;4.27.4&#8243; _module_preset=&#8220;default&#8220; global_colors_info=&#8220;{}&#8220;][et_pb_image src=&#8220;https:\/\/fit4thegame.com\/wp-content\/uploads\/2025\/10\/GR-Katja-S.png&#8220; title_text=&#8220;GR Katja S&#8220; _builder_version=&#8220;4.27.4&#8243; _module_preset=&#8220;default&#8220; global_colors_info=&#8220;{}&#8220;][\/et_pb_image][\/et_pb_column][et_pb_column type=&#8220;1_3&#8243; _builder_version=&#8220;4.27.4&#8243; _module_preset=&#8220;default&#8220; global_colors_info=&#8220;{}&#8220;][et_pb_image src=&#8220;https:\/\/fit4thegame.com\/wp-content\/uploads\/2025\/10\/GR-Christian-M.png&#8220; title_text=&#8220;GR Christian M&#8220; _builder_version=&#8220;4.27.4&#8243; _module_preset=&#8220;default&#8220; global_colors_info=&#8220;{}&#8220;][\/et_pb_image][\/et_pb_column][et_pb_column type=&#8220;1_3&#8243; _builder_version=&#8220;4.27.4&#8243; _module_preset=&#8220;default&#8220; global_colors_info=&#8220;{}&#8220;][et_pb_image src=&#8220;https:\/\/fit4thegame.com\/wp-content\/uploads\/2025\/10\/GR-Birgitta-G.png&#8220; title_text=&#8220;GR Birgitta G&#8220; _builder_version=&#8220;4.27.4&#8243; _module_preset=&#8220;default&#8220; global_colors_info=&#8220;{}&#8220;][\/et_pb_image][\/et_pb_column][\/et_pb_row][et_pb_row column_structure=&#8220;1_3,1_3,1_3&#8243; _builder_version=&#8220;4.27.4&#8243; _module_preset=&#8220;default&#8220; width=&#8220;100%&#8220; max_width=&#8220;1322px&#8220; max_width_tablet=&#8220;1322px&#8220; max_width_phone=&#8220;1322px&#8220; max_width_last_edited=&#8220;on|phone&#8220; global_colors_info=&#8220;{}&#8220;][et_pb_column type=&#8220;1_3&#8243; _builder_version=&#8220;4.27.4&#8243; _module_preset=&#8220;default&#8220; global_colors_info=&#8220;{}&#8220;][et_pb_image src=&#8220;https:\/\/fit4thegame.com\/wp-content\/uploads\/2025\/10\/GR-Claudia-S.png&#8220; title_text=&#8220;GR Claudia S&#8220; _builder_version=&#8220;4.27.4&#8243; _module_preset=&#8220;default&#8220; global_colors_info=&#8220;{}&#8220;][\/et_pb_image][\/et_pb_column][et_pb_column type=&#8220;1_3&#8243; _builder_version=&#8220;4.27.4&#8243; _module_preset=&#8220;default&#8220; global_colors_info=&#8220;{}&#8220;][et_pb_image src=&#8220;https:\/\/fit4thegame.com\/wp-content\/uploads\/2025\/10\/GR-Eddie.png&#8220; title_text=&#8220;GR Eddie&#8220; _builder_version=&#8220;4.27.4&#8243; _module_preset=&#8220;default&#8220; global_colors_info=&#8220;{}&#8220;][\/et_pb_image][\/et_pb_column][et_pb_column type=&#8220;1_3&#8243; _builder_version=&#8220;4.27.4&#8243; _module_preset=&#8220;default&#8220; global_colors_info=&#8220;{}&#8220;][et_pb_image src=&#8220;https:\/\/fit4thegame.com\/wp-content\/uploads\/2025\/10\/GR-Nicole-G.png&#8220; title_text=&#8220;GR Nicole G&#8220; _builder_version=&#8220;4.27.4&#8243; _module_preset=&#8220;default&#8220; global_colors_info=&#8220;{}&#8220;][\/et_pb_image][\/et_pb_column][\/et_pb_row][\/et_pb_section]<\/p>\n","protected":false},"excerpt":{"rendered":"<p>\u2b50\u2b50\u2b50\u2b50\u2b50 4.9\/5 von 127 Bewertungen Danke f\u00fcr deine Anfrage. Du hast dir gerade die ersten Infos f\u00fcr deinen Neustart bei Fit4TheGame gesichert. Wir melden uns zeitnah pers\u00f6nlich bei dir und erkl\u00e4ren dir in Ruhe, wie dein Startprogramm aussehen kann.Was andere gesaget haben, als sie&#8217;s einfach ausprobiert haben:<\/p>","protected":false},"author":2,"featured_media":19579,"parent":0,"menu_order":0,"comment_status":"closed","ping_status":"closed","template":"","meta":{"_et_pb_use_builder":"on","_et_pb_old_content":"","_et_gb_content_width":"","_wp_convertkit_post_meta":{"form":"-1","landing_page":"0","tag":"0","restrict_content":"0"},"two_page_speed":[],"footnotes":""},"folder":[],"class_list":["post-21421","page","type-page","status-publish","has-post-thumbnail","hentry"],"_links":{"self":[{"href":"https:\/\/fit4thegame.com\/en\/wp-json\/wp\/v2\/pages\/21421","targetHints":{"allow":["GET"]}}],"collection":[{"href":"https:\/\/fit4thegame.com\/en\/wp-json\/wp\/v2\/pages"}],"about":[{"href":"https:\/\/fit4thegame.com\/en\/wp-json\/wp\/v2\/types\/page"}],"author":[{"embeddable":true,"href":"https:\/\/fit4thegame.com\/en\/wp-json\/wp\/v2\/users\/2"}],"replies":[{"embeddable":true,"href":"https:\/\/fit4thegame.com\/en\/wp-json\/wp\/v2\/comments?post=21421"}],"version-history":[{"count":2,"href":"https:\/\/fit4thegame.com\/en\/wp-json\/wp\/v2\/pages\/21421\/revisions"}],"predecessor-version":[{"id":21423,"href":"https:\/\/fit4thegame.com\/en\/wp-json\/wp\/v2\/pages\/21421\/revisions\/21423"}],"wp:featuredmedia":[{"embeddable":true,"href":"https:\/\/fit4thegame.com\/en\/wp-json\/wp\/v2\/media\/19579"}],"wp:attachment":[{"href":"https:\/\/fit4thegame.com\/en\/wp-json\/wp\/v2\/media?parent=21421"}],"wp:term":[{"taxonomy":"folder","embeddable":true,"href":"https:\/\/fit4thegame.com\/en\/wp-json\/wp\/v2\/folder?post=21421"}],"curies":[{"name":"wp","href":"https:\/\/api.w.org\/{rel}","templated":true}]}}