{"id":126,"date":"2023-07-24T14:39:03","date_gmt":"2023-07-24T14:39:03","guid":{"rendered":"http:\/\/fit4thegame.com\/?page_id=126"},"modified":"2026-02-16T15:49:00","modified_gmt":"2026-02-16T14:49:00","slug":"small-group-training","status":"publish","type":"page","link":"https:\/\/fit4thegame.com\/en\/training-bei-fit4thegame\/small-group-training\/","title":{"rendered":"Small group training"},"content":{"rendered":"\n[et_pb_section fb_built=&#8220;1&#8243; _builder_version=&#8220;4.27.5&#8243; _module_preset=&#8220;default&#8220; da_disable_devices=&#8220;off|off|off&#8220; global_colors_info=&#8220;{}&#8220; da_is_popup=&#8220;off&#8220; da_exit_intent=&#8220;off&#8220; da_has_close=&#8220;on&#8220; da_alt_close=&#8220;off&#8220; da_dark_close=&#8220;off&#8220; da_not_modal=&#8220;on&#8220; da_is_singular=&#8220;off&#8220; da_with_loader=&#8220;off&#8220; da_has_shadow=&#8220;on&#8220;][et_pb_row _builder_version=&#8220;4.27.5&#8243; _module_preset=&#8220;default&#8220; global_colors_info=&#8220;{}&#8220;][et_pb_column type=&#8220;4_4&#8243; _builder_version=&#8220;4.27.5&#8243; _module_preset=&#8220;default&#8220; global_colors_info=&#8220;{}&#8220;][et_pb_text _builder_version=&#8220;4.27.5&#8243; _module_preset=&#8220;default&#8220; header_font=&#8220;Open Sans|800|||||||&#8220; header_font_size=&#8220;50px&#8220; custom_margin=&#8220;-32px|||||&#8220; global_colors_info=&#8220;{}&#8220;]<h1 style=\"text-align: center;\"><strong>SMALL GROUP TRAINING<\/strong><\/h1>[\/et_pb_text][et_pb_text _builder_version=&#8220;4.27.5&#8243; _module_preset=&#8220;default&#8220; header_2_font=&#8220;Open Sans||||||||&#8220; header_2_font_size=&#8220;22px&#8220; global_colors_info=&#8220;{}&#8220;]<h2 style=\"text-align: center;\"><span style=\"font-weight: 400;\"><\/span><\/h2>\n<h2 style=\"text-align: center;\"><span style=\"font-weight: 400;\">Strukturiertes Training in kleinen Gruppen &#8211;\u00a0<\/span><\/h2>\n<h2 style=\"text-align: center;\"><span style=\"font-size: 22px; font-weight: 400;\">mit klarer Anleitung, pers\u00f6nlicher Betreuung<\/span><\/h2>\n<h2 style=\"text-align: center;\"><span style=\"font-weight: 400;\">und einer unterst\u00fctzenden, positiven Atmosph\u00e4re.<\/span><\/h2>[\/et_pb_text][\/et_pb_column][\/et_pb_row][\/et_pb_section][et_pb_section fb_built=&#8220;1&#8243; admin_label=&#8220;\u201cIST PERSONAL TRAINING DAS RICHTIGE F\u00dcR MICH?\u201d&#8220; _builder_version=&#8220;4.21.0&#8243; _module_preset=&#8220;default&#8220; custom_margin=&#8220;50px|||||&#8220; custom_padding=&#8220;1px|||||&#8220; da_disable_devices=&#8220;off|off|off&#8220; global_colors_info=&#8220;{}&#8220; da_is_popup=&#8220;off&#8220; da_exit_intent=&#8220;off&#8220; da_has_close=&#8220;on&#8220; da_alt_close=&#8220;off&#8220; da_dark_close=&#8220;off&#8220; da_not_modal=&#8220;on&#8220; da_is_singular=&#8220;off&#8220; da_with_loader=&#8220;off&#8220; da_has_shadow=&#8220;on&#8220;][et_pb_row _builder_version=&#8220;4.21.0&#8243; _module_preset=&#8220;default&#8220; global_colors_info=&#8220;{}&#8220;][et_pb_column type=&#8220;4_4&#8243; _builder_version=&#8220;4.21.0&#8243; _module_preset=&#8220;default&#8220; global_colors_info=&#8220;{}&#8220;][et_pb_text content_tablet=&#8220;<h2 style=%22text-align: center;%22><strong data-start=%22204%22 data-end=%22241%22>Was Small Group Training bei Fit4TheGame bedeutet.<\/strong><\/h2>&#8220; content_phone=&#8220;<h2 style=%22text-align: left;%22><strong data-start=%22204%22 data-end=%22241%22>Was Small Group Training bei Fit4TheGame bedeutet.<\/strong><\/h2>&#8220; content_last_edited=&#8220;on|tablet&#8220; _builder_version=&#8220;4.27.5&#8243; _module_preset=&#8220;default&#8220; header_2_text_align=&#8220;center&#8220; global_colors_info=&#8220;{}&#8220;]<h2 style=\"text-align: center;\"><strong data-start=\"204\" data-end=\"241\">Was Small Group Training bei Fit4TheGame bedeutet.<\/strong><\/h2>[\/et_pb_text][\/et_pb_column][\/et_pb_row][et_pb_row column_structure=&#8220;1_2,1_2&#8243; _builder_version=&#8220;4.21.0&#8243; _module_preset=&#8220;default&#8220; global_colors_info=&#8220;{}&#8220;][et_pb_column type=&#8220;1_2&#8243; _builder_version=&#8220;4.21.0&#8243; _module_preset=&#8220;default&#8220; global_colors_info=&#8220;{}&#8220;][et_pb_text _builder_version=&#8220;4.27.5&#8243; _module_preset=&#8220;default&#8220; text_font=&#8220;Poppins||||||||&#8220; custom_padding=&#8220;||0px|||&#8220; global_colors_info=&#8220;{}&#8220;]<p><span style=\"font-weight: 400;\">Small Group Training hei\u00dft bei uns nicht:<\/span><\/p>\n<p><span style=\"font-weight: 400;\">\u201eViele Menschen in einem Raum und jeder macht irgendwas.\u201c<\/span><\/p>\n<p><span style=\"font-weight: 400;\">Es hei\u00dft:<\/span><\/p>\n<p><span style=\"font-weight: 400;\">Klarer Plan. Klare Anleitung.<\/span><\/p>\n<p><span style=\"font-weight: 400;\">Und ein Setting, in dem du dich sicher f\u00fchlen kannst.<\/span><\/p>\n<p><span style=\"font-weight: 400;\">Du trainierst in kleinen Gruppen<\/span><\/p>\n<p><span style=\"font-weight: 400;\">mit einem Coach, der aktiv begleitet,<\/span><\/p>\n<p><span style=\"font-weight: 400;\">korrigiert, anpasst und dir hilft,<\/span><\/p>\n<p><span style=\"font-weight: 400;\">dich Schritt f\u00fcr Schritt zu steigern.<\/span><\/p>\n<p><span style=\"font-weight: 400;\">Du musst nicht wissen, wie es geht?<\/span><\/p>\n<p><span style=\"font-weight: 400;\">Du musst nicht \u201cfit genug\u201d sein.<\/span><\/p>\n<p><span style=\"font-weight: 400;\">Du musst nur anfangen.<\/span><\/p>[\/et_pb_text][\/et_pb_column][et_pb_column type=&#8220;1_2&#8243; _builder_version=&#8220;4.21.0&#8243; _module_preset=&#8220;default&#8220; global_colors_info=&#8220;{}&#8220;][et_pb_image src=&#8220;https:\/\/fit4thegame.com\/wp-content\/uploads\/2025\/10\/Small-Group-Training-scaled.jpg&#8220; title_text=&#8220;Screenshot&#8220; url=&#8220;#contact-via-calendly&#8220; force_fullwidth=&#8220;on&#8220; _builder_version=&#8220;4.27.5&#8243; _module_preset=&#8220;default&#8220; height=&#8220;100%&#8220; max_height=&#8220;100%&#8220; filter_saturate=&#8220;0%&#8220; border_radii=&#8220;off||||250px&#8220; global_colors_info=&#8220;{}&#8220; filter_saturate__hover_enabled=&#8220;on|hover&#8220; filter_saturate__hover=&#8220;100%&#8220;][\/et_pb_image][\/et_pb_column][\/et_pb_row][et_pb_row _builder_version=&#8220;4.21.0&#8243; _module_preset=&#8220;default&#8220; global_colors_info=&#8220;{}&#8220;][et_pb_column type=&#8220;4_4&#8243; _builder_version=&#8220;4.21.0&#8243; _module_preset=&#8220;default&#8220; global_colors_info=&#8220;{}&#8220;][et_pb_text content_tablet=&#8220;<h2 style=%22text-align: center;%22><strong data-start=%22204%22 data-end=%22241%22>F\u00fcr wen Small Group gut passt.<\/strong><\/h2>&#8220; content_phone=&#8220;<h2 style=%22text-align: left;%22><strong data-start=%22204%22 data-end=%22241%22>F\u00fcr wen Small Group gut passt.<\/strong><\/h2>&#8220; content_last_edited=&#8220;on|phone&#8220; _builder_version=&#8220;4.27.5&#8243; _module_preset=&#8220;default&#8220; header_2_text_align=&#8220;center&#8220; global_colors_info=&#8220;{}&#8220;]<h2 style=\"text-align: center;\"><strong data-start=\"204\" data-end=\"241\">F\u00fcr wen Small Group gut passt.<\/strong><\/h2>[\/et_pb_text][\/et_pb_column][\/et_pb_row][et_pb_row column_structure=&#8220;1_2,1_2&#8243; _builder_version=&#8220;4.21.0&#8243; _module_preset=&#8220;default&#8220; global_colors_info=&#8220;{}&#8220;][et_pb_column type=&#8220;1_2&#8243; _builder_version=&#8220;4.21.0&#8243; _module_preset=&#8220;default&#8220; global_colors_info=&#8220;{}&#8220;][et_pb_text _builder_version=&#8220;4.27.5&#8243; _module_preset=&#8220;default&#8220; text_font=&#8220;Poppins||||||||&#8220; custom_padding=&#8220;||0px|||&#8220; global_colors_info=&#8220;{}&#8220;]<p><span style=\"font-weight: 400;\">Small Group Training passt besonders gut, wenn du\u2026<\/span><\/p>\n<p><span style=\"font-weight: 400;\">\u2013 gerne in Gesellschaft trainierst, aber keine \u201cGym-Show\u201d willst<\/span><\/p>\n<p><span style=\"font-weight: 400;\">\u2013 Struktur brauchst, um wirklich dranzubleiben<\/span><\/p>\n<p><span style=\"font-weight: 400;\">\u2013 dich in normalen Studios schnell fehl am Platz f\u00fchlst<\/span><\/p>\n<p><span style=\"font-weight: 400;\">\u2013 klare Anleitung willst, ohne dass alles nur auf dich fokussiert ist<\/span><\/p>\n<p><span style=\"font-weight: 400;\">\u2013 wieder st\u00e4rker werden willst, ohne dich zu \u00fcberfordern<\/span><\/p>\n<p><span style=\"font-weight: 400;\">Viele unserer Mitglieder kommen genau deshalb zu uns:<\/span><\/p>\n<p><span style=\"font-weight: 400;\">Sie wollten trainieren.<\/span><\/p>\n<p><span style=\"font-weight: 400;\">Aber sie wollten nicht in einem Umfeld trainieren, das laut, voll oder unangenehm ist.<\/span><\/p>[\/et_pb_text][\/et_pb_column][et_pb_column type=&#8220;1_2&#8243; _builder_version=&#8220;4.21.0&#8243; _module_preset=&#8220;default&#8220; global_colors_info=&#8220;{}&#8220;][et_pb_image src=&#8220;https:\/\/fit4thegame.com\/wp-content\/uploads\/2025\/10\/SGT-Fit4TheGame-2.jpg&#8220; alt=&#8220;Personaltrainer hambur&#8220; title_text=&#8220;SGT Fit4TheGame 2&#8243; url=&#8220;#contact-via-calendly&#8220; force_fullwidth=&#8220;on&#8220; _builder_version=&#8220;4.27.5&#8243; _module_preset=&#8220;default&#8220; height=&#8220;1%&#8220; filter_saturate=&#8220;0%&#8220; border_radii=&#8220;off||||250px&#8220; global_colors_info=&#8220;{}&#8220; filter_saturate__hover_enabled=&#8220;on|hover&#8220; filter_saturate__hover=&#8220;100%&#8220;][\/et_pb_image][\/et_pb_column][\/et_pb_row][et_pb_row _builder_version=&#8220;4.21.0&#8243; _module_preset=&#8220;default&#8220; global_colors_info=&#8220;{}&#8220;][et_pb_column type=&#8220;4_4&#8243; _builder_version=&#8220;4.21.0&#8243; _module_preset=&#8220;default&#8220; global_colors_info=&#8220;{}&#8220;][et_pb_text content_tablet=&#8220;<h2 style=%22text-align: center;%22><strong data-start=%22204%22 data-end=%22241%22>Wie das Training abl\u00e4uft.<\/strong><\/h2>&#8220; content_phone=&#8220;<h2 style=%22text-align: left;%22><strong data-start=%22204%22 data-end=%22241%22>Wie das Training abl\u00e4uft.<\/strong><\/h2>&#8220; content_last_edited=&#8220;on|phone&#8220; _builder_version=&#8220;4.27.5&#8243; _module_preset=&#8220;default&#8220; header_2_text_align=&#8220;center&#8220; global_colors_info=&#8220;{}&#8220;]<h2 style=\"text-align: center;\"><strong data-start=\"204\" data-end=\"241\">Wie das Training abl\u00e4uft.<\/strong><\/h2>[\/et_pb_text][\/et_pb_column][\/et_pb_row][et_pb_row column_structure=&#8220;1_2,1_2&#8243; _builder_version=&#8220;4.27.5&#8243; _module_preset=&#8220;default&#8220; global_colors_info=&#8220;{}&#8220;][et_pb_column type=&#8220;1_2&#8243; _builder_version=&#8220;4.27.5&#8243; _module_preset=&#8220;default&#8220; global_colors_info=&#8220;{}&#8220;][et_pb_text _builder_version=&#8220;4.27.5&#8243; _module_preset=&#8220;default&#8220; global_colors_info=&#8220;{}&#8220;]<p><span style=\"font-weight: 400;\">Small Group Training bei Fit4TheGame ist planbar.<\/span><\/p>\n<p><span style=\"font-weight: 400;\">Und gleichzeitig flexibel genug,<\/span><\/p>\n<p><span style=\"font-weight: 400;\">um in dein Leben zu passen.<\/span><\/p>\n<p><span style=\"font-weight: 400;\">Du bekommst:<\/span><\/p>\n<p><span style=\"font-weight: 400;\">\u2013 klare Trainingsstruktur<\/span><\/p>\n<p><span style=\"font-weight: 400;\">\u2013 sinnvolle \u00dcbungsauswahl<\/span><\/p>\n<p><span style=\"font-weight: 400;\">\u2013 Anpassungen je nach Tagesform<\/span><\/p>\n<p><span style=\"font-weight: 400;\">\u2013 Coaching, das dich ernst nimmt<\/span><\/p>[\/et_pb_text][\/et_pb_column][et_pb_column type=&#8220;1_2&#8243; _builder_version=&#8220;4.27.5&#8243; _module_preset=&#8220;default&#8220; global_colors_info=&#8220;{}&#8220;][et_pb_text _builder_version=&#8220;4.27.5&#8243; _module_preset=&#8220;default&#8220; global_colors_info=&#8220;{}&#8220;]<p><span style=\"font-weight: 400;\">Wir arbeiten nicht nach dem Prinzip \u201cimmer mehr, immer h\u00e4rter\u201d.<\/span><\/p>\n<p><span style=\"font-weight: 400;\">Sondern nach dem Prinzip:<\/span><\/p>\n<p><span style=\"font-weight: 400;\">das Richtige in der richtigen Reihenfolge.<\/span><\/p>\n<p><span style=\"font-weight: 400;\">Damit dein K\u00f6rper st\u00e4rker wird,<\/span><\/p>\n<p><span style=\"font-weight: 400;\">du dich sicherer f\u00fchlst<\/span><\/p>\n<p><span style=\"font-weight: 400;\">und Fortschritt wieder m\u00f6glich wird.<\/span><\/p>[\/et_pb_text][\/et_pb_column][\/et_pb_row][et_pb_row _builder_version=&#8220;4.27.5&#8243; _module_preset=&#8220;default&#8220; global_colors_info=&#8220;{}&#8220;][et_pb_column type=&#8220;4_4&#8243; _builder_version=&#8220;4.27.5&#8243; _module_preset=&#8220;default&#8220; global_colors_info=&#8220;{}&#8220;][et_pb_text content_tablet=&#8220;<h2 style=%22text-align: center;%22><strong data-start=%22204%22 data-end=%22241%22>Was den Unterschied macht.<\/strong><\/h2>&#8220; content_phone=&#8220;<h2 style=%22text-align: left;%22><strong data-start=%22204%22 data-end=%22241%22>Was den Unterschied macht.<\/strong><\/h2>&#8220; content_last_edited=&#8220;on|phone&#8220; _builder_version=&#8220;4.27.5&#8243; _module_preset=&#8220;default&#8220; header_2_text_align=&#8220;center&#8220; global_colors_info=&#8220;{}&#8220;]<h2 style=\"text-align: center;\"><strong data-start=\"204\" data-end=\"241\">Was den Unterschied macht.<\/strong><\/h2>[\/et_pb_text][\/et_pb_column][\/et_pb_row][et_pb_row column_structure=&#8220;1_2,1_2&#8243; _builder_version=&#8220;4.21.0&#8243; _module_preset=&#8220;default&#8220; global_colors_info=&#8220;{}&#8220;][et_pb_column type=&#8220;1_2&#8243; _builder_version=&#8220;4.21.0&#8243; _module_preset=&#8220;default&#8220; global_colors_info=&#8220;{}&#8220;][et_pb_text _builder_version=&#8220;4.27.5&#8243; _module_preset=&#8220;default&#8220; text_font=&#8220;Poppins||||||||&#8220; custom_padding=&#8220;||0px|||&#8220; global_colors_info=&#8220;{}&#8220;]<p><span style=\"font-weight: 400;\">Viele Angebote nennen sich \u201cKleingruppe\u201d.<\/span><\/p>\n<p><span style=\"font-weight: 400;\">Der Unterschied liegt selten im Namen \u2013<\/span><\/p>\n<p><span style=\"font-weight: 400;\">sondern in der Umsetzung.<\/span><\/p>\n<p><span style=\"font-weight: 400;\">Bei Fit4TheGame bedeutet Small Group:<\/span><\/p>\n<p><span style=\"font-weight: 400;\">\u2013 Du bekommst echte Anleitung (nicht nur Ansagen)<\/span><\/p>\n<p><span style=\"font-weight: 400;\">\u2013 Du wirst aktiv begleitet (nicht sich selbst \u00fcberlassen)<\/span><\/p>\n<p><span style=\"font-weight: 400;\">\u2013 Du wirst weder gedr\u00e4ngt noch \u00fcberfordert<\/span><\/p>\n<p><span style=\"font-weight: 400;\">\u2013 Du kannst Fragen stellen (ohne dich erkl\u00e4ren zu m\u00fcssen)<\/span><\/p>\n<p><span style=\"font-weight: 400;\">\u2013 Du entwickelst Routine, statt st\u00e4ndig neu zu starten<\/span><\/p>\n<p><span style=\"font-weight: 400;\">Viele merken schon nach kurzer Zeit:<\/span><\/p>\n<p><span style=\"font-weight: 400;\">Es f\u00fchlt sich nicht wie \u201cFitnessstudio\u201d an.<\/span><\/p>\n<p><span style=\"font-weight: 400;\">Sondern wie ein System,<\/span><\/p>\n<p><span style=\"font-weight: 400;\">das endlich zu ihrem Leben passt.<\/span><\/p>[\/et_pb_text][\/et_pb_column][et_pb_column type=&#8220;1_2&#8243; _builder_version=&#8220;4.21.0&#8243; _module_preset=&#8220;default&#8220; global_colors_info=&#8220;{}&#8220;][et_pb_image src=&#8220;https:\/\/fit4thegame.com\/wp-content\/uploads\/2023\/09\/Fernando-Squat-1.jpg&#8220; alt=&#8220;Personal Trainer Hamburg&#8220; title_text=&#8220;Fernando Squat-1&#8243; url=&#8220;#contact-via-calendly&#8220; force_fullwidth=&#8220;on&#8220; _builder_version=&#8220;4.27.5&#8243; _module_preset=&#8220;default&#8220; height=&#8220;1%&#8220; filter_saturate=&#8220;0%&#8220; border_radii=&#8220;off||||250px&#8220; global_colors_info=&#8220;{}&#8220; filter_saturate__hover_enabled=&#8220;on|hover&#8220; filter_saturate__hover=&#8220;100%&#8220;][\/et_pb_image][\/et_pb_column][\/et_pb_row][et_pb_row _builder_version=&#8220;4.27.5&#8243; _module_preset=&#8220;default&#8220; global_colors_info=&#8220;{}&#8220;][et_pb_column type=&#8220;4_4&#8243; _builder_version=&#8220;4.27.5&#8243; _module_preset=&#8220;default&#8220; global_colors_info=&#8220;{}&#8220;][et_pb_text content_tablet=&#8220;<h2 style=%22text-align: center;%22><strong data-start=%22204%22 data-end=%22241%22>Die Atmosph\u00e4re: unterst\u00fctzend und erwachsen.<\/strong><\/h2>&#8220; content_phone=&#8220;<h2 style=%22text-align: left;%22><strong data-start=%22204%22 data-end=%22241%22>Die Atmosph\u00e4re: unterst\u00fctzend und erwachsen.<\/strong><\/h2>&#8220; content_last_edited=&#8220;on|phone&#8220; _builder_version=&#8220;4.27.5&#8243; _module_preset=&#8220;default&#8220; header_2_text_align=&#8220;center&#8220; global_colors_info=&#8220;{}&#8220;]<h2 style=\"text-align: center;\"><strong data-start=\"204\" data-end=\"241\">Die Atmosph\u00e4re: unterst\u00fctzend und erwachsen.<\/strong><\/h2>[\/et_pb_text][\/et_pb_column][\/et_pb_row][et_pb_row column_structure=&#8220;1_2,1_2&#8243; _builder_version=&#8220;4.21.0&#8243; _module_preset=&#8220;default&#8220; global_colors_info=&#8220;{}&#8220;][et_pb_column type=&#8220;1_2&#8243; _builder_version=&#8220;4.21.0&#8243; _module_preset=&#8220;default&#8220; global_colors_info=&#8220;{}&#8220;][et_pb_text _builder_version=&#8220;4.27.5&#8243; _module_preset=&#8220;default&#8220; text_font=&#8220;Poppins||||||||&#8220; custom_padding=&#8220;||0px|||&#8220; global_colors_info=&#8220;{}&#8220;]<p><span style=\"font-weight: 400;\">Small Group funktioniert nur,<\/span><\/p>\n<p><span style=\"font-weight: 400;\">wenn das Umfeld stimmt.<\/span><\/p>\n<p><span style=\"font-weight: 400;\">Unsere Community ist freundlich, respektvoll<\/span><\/p>\n<p><span style=\"font-weight: 400;\">und sp\u00fcrbar erwachsen im Umgang miteinander.<\/span><\/p>\n<p><span style=\"font-weight: 400;\">Viele sagen nach den ersten Wochen:<\/span><\/p>\n<p><span style=\"font-weight: 400;\">\u201eIch h\u00e4tte nie gedacht, dass ich mich beim Training so schnell wohlf\u00fchle.\u201c<\/span><\/p>\n<p><span style=\"font-weight: 400;\">Hier geht es nicht um Ego.<\/span><\/p>\n<p><span style=\"font-weight: 400;\">Nicht um Show.<\/span><\/p>\n<p><span style=\"font-weight: 400;\">Und nicht darum, wer am meisten kann.<\/span><\/p>\n<p><span style=\"font-weight: 400;\">Sondern darum, dass Training machbar bleibt \u2013<\/span><\/p>\n<p><span style=\"font-weight: 400;\">und du dich von Woche zu Woche sicherer f\u00fchlst.<\/span><\/p>[\/et_pb_text][\/et_pb_column][et_pb_column type=&#8220;1_2&#8243; _builder_version=&#8220;4.21.0&#8243; _module_preset=&#8220;default&#8220; global_colors_info=&#8220;{}&#8220;][et_pb_image src=&#8220;https:\/\/fit4thegame.com\/wp-content\/uploads\/2023\/08\/Small-Group-Training-Liviu-RGB.jpg&#8220; alt=&#8220;Personal Trainer Hamburg&#8220; title_text=&#8220;Small Group Training Liviu RGB&#8220; url=&#8220;#contact-via-calendly&#8220; force_fullwidth=&#8220;on&#8220; _builder_version=&#8220;4.27.5&#8243; _module_preset=&#8220;default&#8220; height=&#8220;1%&#8220; filter_saturate=&#8220;0%&#8220; border_radii=&#8220;off||||250px&#8220; global_colors_info=&#8220;{}&#8220; filter_saturate__hover_enabled=&#8220;on|hover&#8220; filter_saturate__hover=&#8220;100%&#8220;][\/et_pb_image][\/et_pb_column][\/et_pb_row][et_pb_row _builder_version=&#8220;4.27.5&#8243; _module_preset=&#8220;default&#8220; global_colors_info=&#8220;{}&#8220;][et_pb_column type=&#8220;4_4&#8243; _builder_version=&#8220;4.27.5&#8243; _module_preset=&#8220;default&#8220; global_colors_info=&#8220;{}&#8220;][et_pb_text content_tablet=&#8220;<h2 style=%22text-align: center;%22><strong data-start=%22204%22 data-end=%22241%22>Was du erwarten kannst (realistisch).<\/strong><\/h2>&#8220; content_phone=&#8220;<h2 style=%22text-align: left;%22><strong data-start=%22204%22 data-end=%22241%22>Was du erwarten kannst (realistisch).<\/strong><\/h2>&#8220; content_last_edited=&#8220;on|phone&#8220; _builder_version=&#8220;4.27.5&#8243; _module_preset=&#8220;default&#8220; header_2_text_align=&#8220;center&#8220; global_colors_info=&#8220;{}&#8220;]<h2 style=\"text-align: center;\"><strong data-start=\"204\" data-end=\"241\">Was du erwarten kannst (realistisch).<\/strong><\/h2>[\/et_pb_text][et_pb_text _builder_version=&#8220;4.27.5&#8243; _module_preset=&#8220;default&#8220; text_font=&#8220;Poppins||||||||&#8220; custom_padding=&#8220;||0px|||&#8220; global_colors_info=&#8220;{}&#8220;]<p><span style=\"font-weight: 400;\">Small Group Training hilft dir dabei:<\/span><\/p>\n<p><span style=\"font-weight: 400;\">\u2013 st\u00e4rker zu werden<\/span><\/p>\n<p><span style=\"font-weight: 400;\">\u2013 dich besser zu bewegen<\/span><\/p>\n<p><span style=\"font-weight: 400;\">\u2013 dich im Alltag belastbarer zu f\u00fchlen<\/span><\/p>\n<p><span style=\"font-weight: 400;\">\u2013 dich wieder sicherer in deinem K\u00f6rper zu f\u00fchlen<\/span><\/p>\n<p><span style=\"font-weight: 400;\">\u2013 Routinen aufzubauen, die nicht sofort wieder abbrechen<\/span><\/p>\n<p><span style=\"font-weight: 400;\">Es geht nicht um Perfektion.<\/span><\/p>\n<p><span style=\"font-weight: 400;\">Sondern um Fortschritt,<\/span><\/p>\n<p><span style=\"font-weight: 400;\">auf den man aufbauen kann.<\/span><\/p>[\/et_pb_text][\/et_pb_column][\/et_pb_row][et_pb_row _builder_version=&#8220;4.27.5&#8243; _module_preset=&#8220;default&#8220; global_colors_info=&#8220;{}&#8220;][et_pb_column type=&#8220;4_4&#8243; _builder_version=&#8220;4.27.5&#8243; _module_preset=&#8220;default&#8220; global_colors_info=&#8220;{}&#8220;][et_pb_text content_tablet=&#8220;<h2 style=%22text-align: center;%22><strong data-start=%22204%22 data-end=%22241%22>Der Start: immer \u00fcber StartCHECK. <\/strong><\/h2>&#8220; content_phone=&#8220;<h2 style=%22text-align: left;%22><strong data-start=%22204%22 data-end=%22241%22>Der Start: immer \u00fcber StartCHECK. <\/strong><\/h2>&#8220; content_last_edited=&#8220;on|desktop&#8220; _builder_version=&#8220;4.27.5&#8243; _module_preset=&#8220;default&#8220; header_2_text_align=&#8220;center&#8220; global_colors_info=&#8220;{}&#8220;]<h2 style=\"text-align: center;\"><strong data-start=\"204\" data-end=\"241\">Der Start: immer \u00fcber StartCHECK.\u00a0<\/strong><\/h2>[\/et_pb_text][et_pb_text _builder_version=&#8220;4.27.5&#8243; _module_preset=&#8220;default&#8220; text_font=&#8220;Poppins||||||||&#8220; custom_padding=&#8220;||0px|||&#8220; global_colors_info=&#8220;{}&#8220;]<p><span style=\"font-weight: 400;\">Der Einstieg bei Fit4TheGame beginnt immer mit einem StartCHECK <\/span><span style=\"font-weight: 400;\">(inkl. Kennenlerntermin + Bewegungs-Screening).<\/span><\/p>\n<p>\u00a0<span style=\"font-weight: 400;\">So k\u00f6nnen wir einsch\u00e4tzen, wo du gerade stehst, <\/span><span style=\"font-weight: 400;\">und welches Training f\u00fcr dich sinnvoll ist.<\/span><\/p>\n<p><span style=\"font-weight: 400;\">Danach steigst du \u00fcber einen Probemonat ein <\/span><span style=\"font-weight: 400;\">und kannst Semi-Private in Ruhe kennenlernen.<\/span><\/p>[\/et_pb_text][et_pb_button button_url=&#8220;#contact-via-calendly&#8220; button_text=&#8220;StartCHECK BUCHEN  \u2192&#8220; button_alignment=&#8220;center&#8220; admin_label=&#8220;KLT BUCHEN&#8220; module_class=&#8220;popmake-21447&#8243; _builder_version=&#8220;4.27.5&#8243; _module_preset=&#8220;dcebf4ea-0e51-4657-9508-7beb098ee4d9&#8243; hover_transition_duration=&#8220;0ms&#8220; global_colors_info=&#8220;{%22gcid-41dbaea9-76de-4b2a-ae1d-ecb2f9666145%22:%91%22button_bg_color%22,%22button_border_color%22,%22button_icon_color__hover%22,%22button_text_color__hover%22%93,%22gcid-e7a484c0-e649-4275-9994-f77ae6d3bf92%22:%91%22button_bg_color__hover%22%93}&#8220;][\/et_pb_button][\/et_pb_column][\/et_pb_row][\/et_pb_section]\n","protected":false},"excerpt":{"rendered":"<p>SMALL GROUP TRAINING Strukturiertes Training in kleinen Gruppen &#8211;\u00a0 mit klarer Anleitung, pers\u00f6nlicher Betreuung und einer unterst\u00fctzenden, positiven Atmosph\u00e4re.Was Small Group Training bei Fit4TheGame bedeutet.Small Group Training hei\u00dft bei uns nicht: \u201eViele Menschen in einem Raum und jeder macht irgendwas.\u201c Es hei\u00dft: Klarer Plan. Klare Anleitung. Und ein Setting, in dem du dich sicher f\u00fchlen kannst. Du trainierst in kleinen Gruppen mit einem Coach, der aktiv begleitet, korrigiert, anpasst und dir hilft, dich Schritt f\u00fcr Schritt zu steigern. Du musst nicht wissen, wie es geht? Du musst nicht \u201cfit genug\u201d sein. Du musst nur anfangen.F\u00fcr wen Small Group gut passt.Small Group Training passt besonders gut, wenn du\u2026 \u2013 gerne in Gesellschaft trainierst, aber keine \u201cGym-Show\u201d willst \u2013 Struktur brauchst, um wirklich dranzubleiben \u2013 dich in normalen Studios schnell fehl am Platz f\u00fchlst \u2013 klare Anleitung willst, ohne dass alles nur auf dich fokussiert ist \u2013 wieder st\u00e4rker werden willst, ohne dich zu \u00fcberfordern Viele unserer Mitglieder kommen genau deshalb zu uns: Sie wollten trainieren. Aber sie wollten nicht in einem Umfeld trainieren, das laut, voll oder unangenehm ist.Wie das Training abl\u00e4uft.Small Group Training bei Fit4TheGame ist planbar. Und gleichzeitig flexibel genug, um in dein Leben zu passen. Du bekommst: \u2013 [&hellip;]<\/p>\n","protected":false},"author":4,"featured_media":0,"parent":21667,"menu_order":320,"comment_status":"closed","ping_status":"closed","template":"","meta":{"_et_pb_use_builder":"on","_et_pb_old_content":"<!-- wp:divi\/placeholder \/-->","_et_gb_content_width":"","two_page_speed":{"current_score":{"desktop_score":93,"desktop_tti":"1.0\u00a0","mobile_score":74,"mobile_tti":"3.7\u00a0","date":"16.02.2026 03:49:42 pm","status":"completed"}},"footnotes":""},"folder":[4],"class_list":["post-126","page","type-page","status-publish","hentry"],"_links":{"self":[{"href":"https:\/\/fit4thegame.com\/en\/wp-json\/wp\/v2\/pages\/126","targetHints":{"allow":["GET"]}}],"collection":[{"href":"https:\/\/fit4thegame.com\/en\/wp-json\/wp\/v2\/pages"}],"about":[{"href":"https:\/\/fit4thegame.com\/en\/wp-json\/wp\/v2\/types\/page"}],"author":[{"embeddable":true,"href":"https:\/\/fit4thegame.com\/en\/wp-json\/wp\/v2\/users\/4"}],"replies":[{"embeddable":true,"href":"https:\/\/fit4thegame.com\/en\/wp-json\/wp\/v2\/comments?post=126"}],"version-history":[{"count":20,"href":"https:\/\/fit4thegame.com\/en\/wp-json\/wp\/v2\/pages\/126\/revisions"}],"predecessor-version":[{"id":21702,"href":"https:\/\/fit4thegame.com\/en\/wp-json\/wp\/v2\/pages\/126\/revisions\/21702"}],"up":[{"embeddable":true,"href":"https:\/\/fit4thegame.com\/en\/wp-json\/wp\/v2\/pages\/21667"}],"wp:attachment":[{"href":"https:\/\/fit4thegame.com\/en\/wp-json\/wp\/v2\/media?parent=126"}],"wp:term":[{"taxonomy":"folder","embeddable":true,"href":"https:\/\/fit4thegame.com\/en\/wp-json\/wp\/v2\/folder?post=126"}],"curies":[{"name":"wp","href":"https:\/\/api.w.org\/{rel}","templated":true}]}}